{"id":1071,"date":"2025-09-19T11:10:24","date_gmt":"2025-09-19T09:10:24","guid":{"rendered":"https:\/\/keishukawai.com\/?page_id=1071"},"modified":"2025-11-10T15:34:35","modified_gmt":"2025-11-10T14:34:35","slug":"conditions-generales","status":"publish","type":"page","link":"https:\/\/keishukawai.com\/fr\/conditions-generales\/","title":{"rendered":"Conditions g\u00e9n\u00e9rales"},"content":{"rendered":"<h1>Conditions g\u00e9n\u00e9rales<\/h1>\n<h3>Nom du repr\u00e9sentant<\/h3>\n<p>Yoshihide Kawai<\/p>\n<h3>Repr\u00e9sentant l\u00e9gal<\/h3>\n<p>Yoshihide Kawai<\/p>\n<h3>Adresse<\/h3>\n<p>19 rue de l\u2019An\u00e9mone, 68400 Riedisheim \/ France<\/p>\n<h3>Contact<\/h3>\n<p>Veuillez nous contacter \u00e0 l\u2019adresse suivante : <a href=\"mailto:info@keishukawai.com\">info@keishukawai.com<\/a>. Nous vous communiquerons le num\u00e9ro de t\u00e9l\u00e9phone de notre soci\u00e9t\u00e9 par e-mail sans d\u00e9lai sur simple demande. Si vous souhaitez obtenir notre num\u00e9ro de t\u00e9l\u00e9phone, veuillez en faire la demande via le formulaire de <a href=\"https:\/\/keishukawai.com\/fr\/contact\/\">contact<\/a>.<\/p>\n<h3>Prix de vente<\/h3>\n<p>Le prix est affich\u00e9 \u00e0 l\u2019\u00e9cran lors du processus d\u2019achat. La taxe sur la valeur ajout\u00e9e est incluse dans le prix.<\/p>\n<h3>Frais suppl\u00e9mentaires \u00e0 la charge du client<\/h3>\n<p>Le client supporte les frais de connexion Internet, les frais de communication, les frais de virement bancaire (en cas de paiement par virement), ainsi que les frais d\u2019exp\u00e9dition \u00e9ventuels pour le retour de produits pour convenance personnelle.<\/p>\n<h3>M\u00e9thodes de paiement<\/h3>\n<p>Les modes de paiement suivants sont accept\u00e9s :<br \/>\nCartes de cr\u00e9dit diverses, Virement bancaire, Autres moyens de paiement propos\u00e9s par les prestataires partenaires<\/p>\n<h3>Proc\u00e9dure d\u2019achat<\/h3>\n<p>Une fois le paiement effectu\u00e9 via le lien transmis lors de votre demande, nous vous enverrons les informations n\u00e9cessaires pour acc\u00e9der \u00e0 la formation.<\/p>\n<h3>D\u00e9lai de livraison \/ Acc\u00e8s au service<\/h3>\n<p>Sauf indication contraire, les instructions d\u2019utilisation du service vous seront transmises dans les 48 heures suivant la validation du paiement.<\/p>\n<h3>D\u00e9lai de paiement<\/h3>\n<ul>\n<li>Carte de cr\u00e9dit : \u00e0 la date de pr\u00e9l\u00e8vement fix\u00e9e par la soci\u00e9t\u00e9 de carte.<\/li>\n<li>Virement bancaire : dans les 14 jours suivant la commande.<\/li>\n<\/ul>\n<h3>Retours et annulations<\/h3>\n<p>En raison de la nature num\u00e9rique du contenu et des services fournis, aucun remboursement ni \u00e9change ne sera effectu\u00e9, sauf mention contraire sur la page de paiement.<\/p>\n<h3>Conditions particuli\u00e8res<\/h3>\n<p>Ce service n\u2019est pas soumis au droit de r\u00e9tractation pr\u00e9vu par la loi sur les transactions commerciales sp\u00e9cifi\u00e9es.<\/p>\n<p>En cas d\u2019annulation pendant la p\u00e9riode de contrat, les frais restent dus jusqu\u2019\u00e0 la date d\u2019expiration du contrat.<br \/>\nAucun remboursement, m\u00eame partiel, ne sera effectu\u00e9.<\/p>\n","protected":false},"excerpt":{"rendered":"<p>Conditions g\u00e9n\u00e9rales Nom du repr\u00e9sentant Yoshihide Kawai Repr\u00e9sentant l\u00e9gal Yoshihide Kawai Adresse 19 rue de l\u2019An\u00e9mone, 68400 Riedisheim \/ France Contact Veuillez nous contacter \u00e0 l\u2019adresse suivante : info@keishukawai.com. Nous&#8230;<\/p>\n","protected":false},"author":3,"featured_media":0,"parent":0,"menu_order":0,"comment_status":"closed","ping_status":"closed","template":"","meta":{"footnotes":""},"class_list":["post-1071","page","type-page","status-publish"],"yoast_head":"<!-- This site is optimized with the Yoast SEO plugin v26.6 - https:\/\/yoast.com\/wordpress\/plugins\/seo\/ -->\n<title>Conditions g\u00e9n\u00e9rales - Keishu KAWAI<\/title>\n<meta name=\"robots\" content=\"index, follow, max-snippet:-1, max-image-preview:large, max-video-preview:-1\" \/>\n<link rel=\"canonical\" href=\"https:\/\/keishukawai.com\/terms-and-conditions\/\" \/>\n<meta property=\"og:locale\" content=\"fr_FR\" \/>\n<meta property=\"og:type\" content=\"article\" \/>\n<meta property=\"og:title\" content=\"Conditions g\u00e9n\u00e9rales - Keishu KAWAI\" \/>\n<meta property=\"og:description\" content=\"Conditions g\u00e9n\u00e9rales Nom du repr\u00e9sentant Yoshihide Kawai Repr\u00e9sentant l\u00e9gal Yoshihide Kawai Adresse 19 rue de l\u2019An\u00e9mone, 68400 Riedisheim \/ France Contact Veuillez nous contacter \u00e0 l\u2019adresse suivante : info@keishukawai.com. Nous...\" \/>\n<meta property=\"og:url\" content=\"https:\/\/keishukawai.com\/terms-and-conditions\/\" \/>\n<meta property=\"og:site_name\" content=\"Keishu KAWAI\" \/>\n<meta property=\"article:modified_time\" content=\"2025-11-10T14:34:35+00:00\" \/>\n<meta name=\"twitter:card\" content=\"summary_large_image\" \/>\n<meta name=\"twitter:label1\" content=\"Dur\u00e9e de lecture estim\u00e9e\" \/>\n\t<meta name=\"twitter:data1\" content=\"2 minutes\" \/>\n<script type=\"application\/ld+json\" class=\"yoast-schema-graph\">{\"@context\":\"https:\/\/schema.org\",\"@graph\":[{\"@type\":\"WebPage\",\"@id\":\"https:\/\/keishukawai.com\/terms-and-conditions\/\",\"url\":\"https:\/\/keishukawai.com\/terms-and-conditions\/\",\"name\":\"Conditions g\u00e9n\u00e9rales - Keishu KAWAI\",\"isPartOf\":{\"@id\":\"https:\/\/keishukawai.com\/#website\"},\"datePublished\":\"2025-09-19T09:10:24+00:00\",\"dateModified\":\"2025-11-10T14:34:35+00:00\",\"breadcrumb\":{\"@id\":\"https:\/\/keishukawai.com\/terms-and-conditions\/#breadcrumb\"},\"inLanguage\":\"fr-FR\",\"potentialAction\":[{\"@type\":\"ReadAction\",\"target\":[\"https:\/\/keishukawai.com\/terms-and-conditions\/\"]}]},{\"@type\":\"BreadcrumbList\",\"@id\":\"https:\/\/keishukawai.com\/terms-and-conditions\/#breadcrumb\",\"itemListElement\":[{\"@type\":\"ListItem\",\"position\":1,\"name\":\"Home\",\"item\":\"https:\/\/keishukawai.com\/fr\/\"},{\"@type\":\"ListItem\",\"position\":2,\"name\":\"Conditions g\u00e9n\u00e9rales\"}]},{\"@type\":\"WebSite\",\"@id\":\"https:\/\/keishukawai.com\/#website\",\"url\":\"https:\/\/keishukawai.com\/\",\"name\":\"Keishu KAWAI\",\"description\":\"Japanese Calligraphy\",\"potentialAction\":[{\"@type\":\"SearchAction\",\"target\":{\"@type\":\"EntryPoint\",\"urlTemplate\":\"https:\/\/keishukawai.com\/?s={search_term_string}\"},\"query-input\":{\"@type\":\"PropertyValueSpecification\",\"valueRequired\":true,\"valueName\":\"search_term_string\"}}],\"inLanguage\":\"fr-FR\"}]}<\/script>\n<!-- \/ Yoast SEO plugin. -->","yoast_head_json":{"title":"Conditions g\u00e9n\u00e9rales - Keishu KAWAI","robots":{"index":"index","follow":"follow","max-snippet":"max-snippet:-1","max-image-preview":"max-image-preview:large","max-video-preview":"max-video-preview:-1"},"canonical":"https:\/\/keishukawai.com\/terms-and-conditions\/","og_locale":"fr_FR","og_type":"article","og_title":"Conditions g\u00e9n\u00e9rales - Keishu KAWAI","og_description":"Conditions g\u00e9n\u00e9rales Nom du repr\u00e9sentant Yoshihide Kawai Repr\u00e9sentant l\u00e9gal Yoshihide Kawai Adresse 19 rue de l\u2019An\u00e9mone, 68400 Riedisheim \/ France Contact Veuillez nous contacter \u00e0 l\u2019adresse suivante : info@keishukawai.com. Nous...","og_url":"https:\/\/keishukawai.com\/terms-and-conditions\/","og_site_name":"Keishu KAWAI","article_modified_time":"2025-11-10T14:34:35+00:00","twitter_card":"summary_large_image","twitter_misc":{"Dur\u00e9e de lecture estim\u00e9e":"2 minutes"},"schema":{"@context":"https:\/\/schema.org","@graph":[{"@type":"WebPage","@id":"https:\/\/keishukawai.com\/terms-and-conditions\/","url":"https:\/\/keishukawai.com\/terms-and-conditions\/","name":"Conditions g\u00e9n\u00e9rales - Keishu KAWAI","isPartOf":{"@id":"https:\/\/keishukawai.com\/#website"},"datePublished":"2025-09-19T09:10:24+00:00","dateModified":"2025-11-10T14:34:35+00:00","breadcrumb":{"@id":"https:\/\/keishukawai.com\/terms-and-conditions\/#breadcrumb"},"inLanguage":"fr-FR","potentialAction":[{"@type":"ReadAction","target":["https:\/\/keishukawai.com\/terms-and-conditions\/"]}]},{"@type":"BreadcrumbList","@id":"https:\/\/keishukawai.com\/terms-and-conditions\/#breadcrumb","itemListElement":[{"@type":"ListItem","position":1,"name":"Home","item":"https:\/\/keishukawai.com\/fr\/"},{"@type":"ListItem","position":2,"name":"Conditions g\u00e9n\u00e9rales"}]},{"@type":"WebSite","@id":"https:\/\/keishukawai.com\/#website","url":"https:\/\/keishukawai.com\/","name":"Keishu KAWAI","description":"Japanese Calligraphy","potentialAction":[{"@type":"SearchAction","target":{"@type":"EntryPoint","urlTemplate":"https:\/\/keishukawai.com\/?s={search_term_string}"},"query-input":{"@type":"PropertyValueSpecification","valueRequired":true,"valueName":"search_term_string"}}],"inLanguage":"fr-FR"}]}},"_links":{"self":[{"href":"https:\/\/keishukawai.com\/fr\/wp-json\/wp\/v2\/pages\/1071","targetHints":{"allow":["GET"]}}],"collection":[{"href":"https:\/\/keishukawai.com\/fr\/wp-json\/wp\/v2\/pages"}],"about":[{"href":"https:\/\/keishukawai.com\/fr\/wp-json\/wp\/v2\/types\/page"}],"author":[{"embeddable":true,"href":"https:\/\/keishukawai.com\/fr\/wp-json\/wp\/v2\/users\/3"}],"replies":[{"embeddable":true,"href":"https:\/\/keishukawai.com\/fr\/wp-json\/wp\/v2\/comments?post=1071"}],"version-history":[{"count":3,"href":"https:\/\/keishukawai.com\/fr\/wp-json\/wp\/v2\/pages\/1071\/revisions"}],"predecessor-version":[{"id":1074,"href":"https:\/\/keishukawai.com\/fr\/wp-json\/wp\/v2\/pages\/1071\/revisions\/1074"}],"wp:attachment":[{"href":"https:\/\/keishukawai.com\/fr\/wp-json\/wp\/v2\/media?parent=1071"}],"curies":[{"name":"wp","href":"https:\/\/api.w.org\/{rel}","templated":true}]}}