{"id":1061,"date":"2025-09-23T13:48:54","date_gmt":"2025-09-23T11:48:54","guid":{"rendered":"https:\/\/keishukawai.com\/?page_id=1061"},"modified":"2025-11-07T17:44:38","modified_gmt":"2025-11-07T16:44:38","slug":"expositions","status":"publish","type":"page","link":"https:\/\/keishukawai.com\/fr\/expositions\/","title":{"rendered":"Expositions"},"content":{"rendered":"[vc_row type=\u00a0\u00bbin_container\u00a0\u00bb full_screen_row_position=\u00a0\u00bbmiddle\u00a0\u00bb column_margin=\u00a0\u00bbdefault\u00a0\u00bb column_direction=\u00a0\u00bbdefault\u00a0\u00bb column_direction_tablet=\u00a0\u00bbdefault\u00a0\u00bb column_direction_phone=\u00a0\u00bbdefault\u00a0\u00bb scene_position=\u00a0\u00bbcenter\u00a0\u00bb text_color=\u00a0\u00bbdark\u00a0\u00bb text_align=\u00a0\u00bbleft\u00a0\u00bb row_border_radius=\u00a0\u00bbnone\u00a0\u00bb row_border_radius_applies=\u00a0\u00bbbg\u00a0\u00bb overflow=\u00a0\u00bbvisible\u00a0\u00bb overlay_strength=\u00a0\u00bb0.3&Prime; gradient_direction=\u00a0\u00bbleft_to_right\u00a0\u00bb shape_divider_position=\u00a0\u00bbbottom\u00a0\u00bb bg_image_animation=\u00a0\u00bbnone\u00a0\u00bb][vc_column column_padding=\u00a0\u00bbno-extra-padding\u00a0\u00bb column_padding_tablet=\u00a0\u00bbinherit\u00a0\u00bb column_padding_phone=\u00a0\u00bbinherit\u00a0\u00bb column_padding_position=\u00a0\u00bball\u00a0\u00bb column_element_direction_desktop=\u00a0\u00bbdefault\u00a0\u00bb column_element_spacing=\u00a0\u00bbdefault\u00a0\u00bb desktop_text_alignment=\u00a0\u00bbdefault\u00a0\u00bb tablet_text_alignment=\u00a0\u00bbdefault\u00a0\u00bb phone_text_alignment=\u00a0\u00bbdefault\u00a0\u00bb background_color_opacity=\u00a0\u00bb1&Prime; background_hover_color_opacity=\u00a0\u00bb1&Prime; column_backdrop_filter=\u00a0\u00bbnone\u00a0\u00bb column_shadow=\u00a0\u00bbnone\u00a0\u00bb column_border_radius=\u00a0\u00bbnone\u00a0\u00bb column_link_target=\u00a0\u00bb_self\u00a0\u00bb column_position=\u00a0\u00bbdefault\u00a0\u00bb gradient_direction=\u00a0\u00bbleft_to_right\u00a0\u00bb overlay_strength=\u00a0\u00bb0.3&Prime; width=\u00a0\u00bb1\/1&Prime; tablet_width_inherit=\u00a0\u00bbdefault\u00a0\u00bb animation_type=\u00a0\u00bbdefault\u00a0\u00bb bg_image_animation=\u00a0\u00bbnone\u00a0\u00bb border_type=\u00a0\u00bbsimple\u00a0\u00bb column_border_width=\u00a0\u00bbnone\u00a0\u00bb column_border_style=\u00a0\u00bbsolid\u00a0\u00bb][vc_column_text css=\u00a0\u00bb\u00a0\u00bb text_direction=\u00a0\u00bbdefault\u00a0\u00bb]\n<h1>Expositions de calligraphie japonaise<\/h1>\n<p>M\u00eame si je dis que la calligraphie est un moyen d&rsquo;expression personnelle, lorsque j&rsquo;\u00e9tais au Japon, je me suis rendu compte que je ne parvenais pas \u00e0 m&rsquo;\u00e9loigner d&rsquo;un style bien d\u00e9fini, copiant la calligraphie de mon ma\u00eetre.<\/p>\n<p>Depuis mon arriv\u00e9e en France, j&rsquo;ai eu l&rsquo;occasion de pr\u00e9senter mon travail sans tenir compte de mon titre ou de mon \u00e9cole, et j&rsquo;ai progressivement organis\u00e9 des expositions en utilisant mon propre style d&rsquo;expression. En particulier, mon exposition organis\u00e9e \u00e0 la galerie du Conseil de l&rsquo;Europe en 2023 a \u00e9t\u00e9 tr\u00e8s appr\u00e9ci\u00e9e, attirant de nombreux visiteurs et atteignant un nombre record de ventes. Mes \u0153uvres, que j&rsquo;appelle la French Touch, sont une fusion entre l&rsquo;Orient et l&rsquo;Occident, et repr\u00e9sentent un style qui m\u00eale la culture de l&rsquo;encre \u00e0 l&rsquo;essence m\u00eame de la France.[\/vc_column_text][\/vc_column][\/vc_row][vc_row type=\u00a0\u00bbin_container\u00a0\u00bb full_screen_row_position=\u00a0\u00bbmiddle\u00a0\u00bb column_margin=\u00a0\u00bbdefault\u00a0\u00bb column_direction=\u00a0\u00bbdefault\u00a0\u00bb column_direction_tablet=\u00a0\u00bbdefault\u00a0\u00bb column_direction_phone=\u00a0\u00bbdefault\u00a0\u00bb scene_position=\u00a0\u00bbcenter\u00a0\u00bb top_padding=\u00a0\u00bb60&Prime; constrain_group_1=\u00a0\u00bbyes\u00a0\u00bb bottom_padding=\u00a0\u00bb60&Prime; text_color=\u00a0\u00bbdark\u00a0\u00bb text_align=\u00a0\u00bbleft\u00a0\u00bb row_border_radius=\u00a0\u00bbnone\u00a0\u00bb row_border_radius_applies=\u00a0\u00bbbg\u00a0\u00bb overflow=\u00a0\u00bbvisible\u00a0\u00bb overlay_strength=\u00a0\u00bb0.3&Prime; gradient_direction=\u00a0\u00bbleft_to_right\u00a0\u00bb shape_divider_position=\u00a0\u00bbbottom\u00a0\u00bb bg_image_animation=\u00a0\u00bbnone\u00a0\u00bb gradient_type=\u00a0\u00bbdefault\u00a0\u00bb shape_type=\u00a0\u00bb\u00a0\u00bb][vc_column column_padding=\u00a0\u00bbno-extra-padding\u00a0\u00bb column_padding_tablet=\u00a0\u00bbinherit\u00a0\u00bb column_padding_phone=\u00a0\u00bbinherit\u00a0\u00bb column_padding_position=\u00a0\u00bball\u00a0\u00bb column_element_direction_desktop=\u00a0\u00bbdefault\u00a0\u00bb column_element_spacing=\u00a0\u00bbdefault\u00a0\u00bb desktop_text_alignment=\u00a0\u00bbdefault\u00a0\u00bb tablet_text_alignment=\u00a0\u00bbdefault\u00a0\u00bb phone_text_alignment=\u00a0\u00bbdefault\u00a0\u00bb background_color_opacity=\u00a0\u00bb1&Prime; background_hover_color_opacity=\u00a0\u00bb1&Prime; column_backdrop_filter=\u00a0\u00bbnone\u00a0\u00bb column_shadow=\u00a0\u00bbnone\u00a0\u00bb column_border_radius=\u00a0\u00bbnone\u00a0\u00bb column_link_target=\u00a0\u00bb_self\u00a0\u00bb column_position=\u00a0\u00bbdefault\u00a0\u00bb gradient_direction=\u00a0\u00bbleft_to_right\u00a0\u00bb overlay_strength=\u00a0\u00bb0.3&Prime; width=\u00a0\u00bb1\/1&Prime; tablet_width_inherit=\u00a0\u00bbdefault\u00a0\u00bb animation_type=\u00a0\u00bbdefault\u00a0\u00bb bg_image_animation=\u00a0\u00bbnone\u00a0\u00bb border_type=\u00a0\u00bbsimple\u00a0\u00bb column_border_width=\u00a0\u00bbnone\u00a0\u00bb column_border_style=\u00a0\u00bbsolid\u00a0\u00bb][vc_gallery css=\u00a0\u00bb\u00a0\u00bb type=\u00a0\u00bbimage_grid\u00a0\u00bb images=\u00a0\u00bb822,825,828,831,834,837,840,843,846,849,852,855,858,861,864,867,870,873,876,879,882,885,888,891,894,897,900&Prime; image_grid_loading=\u00a0\u00bbdefault\u00a0\u00bb layout=\u00a0\u00bb4&Prime; masonry_style=\u00a0\u00bbtrue\u00a0\u00bb bypass_image_cropping=\u00a0\u00bbtrue\u00a0\u00bb item_spacing=\u00a0\u00bbdefault\u00a0\u00bb gallery_style=\u00a0\u00bb7&Prime; load_in_animation=\u00a0\u00bbnone\u00a0\u00bb][\/vc_column][\/vc_row][vc_row type=\u00a0\u00bbin_container\u00a0\u00bb full_screen_row_position=\u00a0\u00bbmiddle\u00a0\u00bb column_margin=\u00a0\u00bbdefault\u00a0\u00bb column_direction=\u00a0\u00bbdefault\u00a0\u00bb column_direction_tablet=\u00a0\u00bbdefault\u00a0\u00bb column_direction_phone=\u00a0\u00bbdefault\u00a0\u00bb scene_position=\u00a0\u00bbcenter\u00a0\u00bb text_color=\u00a0\u00bbdark\u00a0\u00bb text_align=\u00a0\u00bbleft\u00a0\u00bb row_border_radius=\u00a0\u00bbnone\u00a0\u00bb row_border_radius_applies=\u00a0\u00bbbg\u00a0\u00bb overflow=\u00a0\u00bbvisible\u00a0\u00bb overlay_strength=\u00a0\u00bb0.3&Prime; gradient_direction=\u00a0\u00bbleft_to_right\u00a0\u00bb shape_divider_position=\u00a0\u00bbbottom\u00a0\u00bb bg_image_animation=\u00a0\u00bbnone\u00a0\u00bb][vc_column column_padding=\u00a0\u00bbpadding-3-percent\u00a0\u00bb column_padding_tablet=\u00a0\u00bbinherit\u00a0\u00bb column_padding_phone=\u00a0\u00bbno-extra-padding\u00a0\u00bb column_padding_position=\u00a0\u00bbright\u00a0\u00bb column_element_direction_desktop=\u00a0\u00bbdefault\u00a0\u00bb column_element_spacing=\u00a0\u00bbdefault\u00a0\u00bb desktop_text_alignment=\u00a0\u00bbdefault\u00a0\u00bb tablet_text_alignment=\u00a0\u00bbdefault\u00a0\u00bb phone_text_alignment=\u00a0\u00bbdefault\u00a0\u00bb background_color_opacity=\u00a0\u00bb1&Prime; background_hover_color_opacity=\u00a0\u00bb1&Prime; column_backdrop_filter=\u00a0\u00bbnone\u00a0\u00bb column_shadow=\u00a0\u00bbnone\u00a0\u00bb column_border_radius=\u00a0\u00bbnone\u00a0\u00bb column_link_target=\u00a0\u00bb_self\u00a0\u00bb column_position=\u00a0\u00bbdefault\u00a0\u00bb gradient_direction=\u00a0\u00bbleft_to_right\u00a0\u00bb overlay_strength=\u00a0\u00bb0.3&Prime; width=\u00a0\u00bb1\/2&Prime; tablet_width_inherit=\u00a0\u00bbdefault\u00a0\u00bb animation_type=\u00a0\u00bbdefault\u00a0\u00bb bg_image_animation=\u00a0\u00bbnone\u00a0\u00bb border_type=\u00a0\u00bbsimple\u00a0\u00bb column_border_width=\u00a0\u00bbnone\u00a0\u00bb column_border_style=\u00a0\u00bbsolid\u00a0\u00bb column_padding_type=\u00a0\u00bbdefault\u00a0\u00bb gradient_type=\u00a0\u00bbdefault\u00a0\u00bb][image_with_animation image_url=\u00a0\u00bb251&Prime; image_size=\u00a0\u00bbfull\u00a0\u00bb max_width=\u00a0\u00bb100%\u00a0\u00bb max_width_mobile=\u00a0\u00bbdefault\u00a0\u00bb animation_type=\u00a0\u00bbentrance\u00a0\u00bb animation=\u00a0\u00bbNone\u00a0\u00bb animation_movement_type=\u00a0\u00bbtransform_y\u00a0\u00bb hover_animation=\u00a0\u00bbnone\u00a0\u00bb alignment=\u00a0\u00bb\u00a0\u00bb border_radius=\u00a0\u00bbnone\u00a0\u00bb box_shadow=\u00a0\u00bbnone\u00a0\u00bb image_loading=\u00a0\u00bbdefault\u00a0\u00bb][\/vc_column][vc_column column_padding=\u00a0\u00bbno-extra-padding\u00a0\u00bb column_padding_tablet=\u00a0\u00bbinherit\u00a0\u00bb column_padding_phone=\u00a0\u00bbpadding-2-percent\u00a0\u00bb column_padding_position=\u00a0\u00bbtop\u00a0\u00bb column_element_direction_desktop=\u00a0\u00bbdefault\u00a0\u00bb column_element_spacing=\u00a0\u00bbdefault\u00a0\u00bb desktop_text_alignment=\u00a0\u00bbdefault\u00a0\u00bb tablet_text_alignment=\u00a0\u00bbdefault\u00a0\u00bb phone_text_alignment=\u00a0\u00bbdefault\u00a0\u00bb background_color_opacity=\u00a0\u00bb1&Prime; background_hover_color_opacity=\u00a0\u00bb1&Prime; column_backdrop_filter=\u00a0\u00bbnone\u00a0\u00bb column_shadow=\u00a0\u00bbnone\u00a0\u00bb column_border_radius=\u00a0\u00bbnone\u00a0\u00bb column_link_target=\u00a0\u00bb_self\u00a0\u00bb column_position=\u00a0\u00bbdefault\u00a0\u00bb gradient_direction=\u00a0\u00bbleft_to_right\u00a0\u00bb overlay_strength=\u00a0\u00bb0.3&Prime; width=\u00a0\u00bb1\/2&Prime; tablet_width_inherit=\u00a0\u00bbdefault\u00a0\u00bb animation_type=\u00a0\u00bbdefault\u00a0\u00bb bg_image_animation=\u00a0\u00bbnone\u00a0\u00bb border_type=\u00a0\u00bbsimple\u00a0\u00bb column_border_width=\u00a0\u00bbnone\u00a0\u00bb column_border_style=\u00a0\u00bbsolid\u00a0\u00bb column_padding_type=\u00a0\u00bbdefault\u00a0\u00bb gradient_type=\u00a0\u00bbdefault\u00a0\u00bb][vc_column_text css=\u00a0\u00bb\u00a0\u00bb text_direction=\u00a0\u00bbdefault\u00a0\u00bb]\n<h2>Expositions de calligraphie<\/h2>\n[\/vc_column_text][vc_raw_html css=\u00a0\u00bb\u00a0\u00bb]JTNDdGFibGUlM0UlMEQlMEElMjAlMjAlM0N0Ym9keSUzRSUwRCUwQSUyMCUyMCUyMCUyMCUzQ3RyJTNFJTBEJTBBJTIwJTIwJTIwJTIwJTIwJTIwJTNDdGQlM0UyMDE5JTNDJTJGdGQlM0UlMEQlMEElMjAlMjAlMjAlMjAlMjAlMjAlM0N0ZCUzRSUwRCUwQSUyMCUyMCUyMCUyMCUyMCUyMCUyMCUyMENvcnBzJTIwZGUlMjBnYXJkZSUyQyUyMENvbG1hciUyQyUyMEZyYW5jZSUyMCVFMiU4MCU5MyUyME5haXNzYW5jZSUyMGRlJTIwbCUyN2VuY3JlJTNDYnIlM0UlMEQlMEElMjAlMjAlMjAlMjAlMjAlMjAlMjAlMjBGb3J1bSUyMEt1bHR1cnklMkMlMjBBcnQlMjBWaXNpb25zJTIwMjAxOSUyQyUyMEtyYWtvdyUyQyUyMFBvbGFuZCUwRCUwQSUyMCUyMCUyMCUyMCUyMCUyMCUzQyUyRnRkJTNFJTBEJTBBJTIwJTIwJTIwJTIwJTNDJTJGdHIlM0UlMEQlMEElMjAlMjAlMjAlMjAlM0N0ciUzRSUwRCUwQSUyMCUyMCUyMCUyMCUyMCUyMCUzQ3RkJTNFMjAxOCUzQyUyRnRkJTNFJTBEJTBBJTIwJTIwJTIwJTIwJTIwJTIwJTNDdGQlM0UlMEQlMEElMjAlMjAlMjAlMjAlMjAlMjAlMjAlMjBNZWRpYSUyMGxpYnJhcnklMkMlMjBXZXNzZXJsaW5nJTJDJTIwRnJhbmNlJTNDYnIlM0UlMEQlMEElMjAlMjAlMjAlMjAlMjAlMjAlMjAlMjBUZW1wbGUlMjBOZXVmJTJDJTIwU3RyYXNib3VyZyUyQyUyMEZyYW5jZSUwRCUwQSUyMCUyMCUyMCUyMCUyMCUyMCUzQyUyRnRkJTNFJTBEJTBBJTIwJTIwJTIwJTIwJTNDJTJGdHIlM0UlMEQlMEElMjAlMjAlMjAlMjAlM0N0ciUzRSUwRCUwQSUyMCUyMCUyMCUyMCUyMCUyMCUzQ3RkJTNFMjAxNyUzQyUyRnRkJTNFJTBEJTBBJTIwJTIwJTIwJTIwJTIwJTIwJTNDdGQlM0UlMEQlMEElMjAlMjAlMjAlMjAlMjAlMjAlMjAlMjBMJTI3ZXNjYWxpZXIlMkMlMjBCcnVtYXRoJTJDJTIwRnJhbmNlJTNDYnIlM0UlMEQlMEElMjAlMjAlMjAlMjAlMjAlMjAlMjAlMjBDb3JwcyUyMGRlJTIwZ2FyZGUlMkMlMjBDb2xtYXIlMkMlMjBGcmFuY2UlMEQlMEElMjAlMjAlMjAlMjAlMjAlMjAlM0MlMkZ0ZCUzRSUwRCUwQSUyMCUyMCUyMCUyMCUzQyUyRnRyJTNFJTBEJTBBJTIwJTIwJTIwJTIwJTNDdHIlM0UlMEQlMEElMjAlMjAlMjAlMjAlMjAlMjAlM0N0ZCUzRTIwMTUlM0MlMkZ0ZCUzRSUwRCUwQSUyMCUyMCUyMCUyMCUyMCUyMCUzQ3RkJTNFTCUyNyVDMyU4OXZhc2lvbiUyQyUyMFMlQzMlQTlsZXN0YXQlMkMlMjBGcmFuY2UlM0MlMkZ0ZCUzRSUwRCUwQSUyMCUyMCUyMCUyMCUzQyUyRnRyJTNFJTBEJTBBJTIwJTIwJTIwJTIwJTNDdHIlM0UlMEQlMEElMjAlMjAlMjAlMjAlMjAlMjAlM0N0ZCUzRTIwMTQlM0MlMkZ0ZCUzRSUwRCUwQSUyMCUyMCUyMCUyMCUyMCUyMCUzQ3RkJTNFJTBEJTBBJTIwJTIwJTIwJTIwJTIwJTIwJTIwJTIwTWVkaWElMjBsaWJyYXJ5JTJDJTIwU291bHR6JTJDJTIwRnJhbmNlJTNDYnIlM0UlMEQlMEElMjAlMjAlMjAlMjAlMjAlMjAlMjAlMjBMJTI3QXRlbGllciUyMGR1JTIwUGVpbnRyZSUyQyUyMENvbG1hciUyQyUyMEZyYW5jZSUzQ2JyJTNFJTBEJTBBJTIwJTIwJTIwJTIwJTIwJTIwJTIwJTIwQmlibGlvdGglQzMlQThxdWUlMkMlMjBDaCVDMyVBMnRlbm9pcyUyQyUyMEZyYW5jZSUwRCUwQSUyMCUyMCUyMCUyMCUyMCUyMCUzQyUyRnRkJTNFJTBEJTBBJTIwJTIwJTIwJTIwJTNDJTJGdHIlM0UlMEQlMEElMjAlMjAlMjAlMjAlM0N0ciUzRSUwRCUwQSUyMCUyMCUyMCUyMCUyMCUyMCUzQ3RkJTNFMjAxMyUzQyUyRnRkJTNFJTBEJTBBJTIwJTIwJTIwJTIwJTIwJTIwJTNDdGQlM0VPVE8lMkMlMjBCZXJsaW4lMkMlMjBHZXJtYW55JTNDJTJGdGQlM0UlMEQlMEElMjAlMjAlMjAlMjAlM0MlMkZ0ciUzRSUwRCUwQSUyMCUyMCUyMCUyMCUzQ3RyJTNFJTBEJTBBJTIwJTIwJTIwJTIwJTIwJTIwJTNDdGQlM0UyMDEyJTNDJTJGdGQlM0UlMEQlMEElMjAlMjAlMjAlMjAlMjAlMjAlM0N0ZCUzRSUwRCUwQSUyMCUyMCUyMCUyMCUyMCUyMCUyMCUyME5hdHVyYWwlMjBBcnRzJTIwU2VydmljZXMlMjBBRyUyQyUyMEJvc3dpbCUyQyUyMFN3aXR6ZXJsYW5kJTNDYnIlM0UlMEQlMEElMjAlMjAlMjAlMjAlMjAlMjAlMjAlMjBDb3JwcyUyMGRlJTIwZ2FyZGUlMkMlMjBDb2xtYXIlMkMlMjBGcmFuY2UlM0NiciUzRSUwRCUwQSUyMCUyMCUyMCUyMCUyMCUyMCUyMCUyMFBsdW1lJTIwJTI2YW1wJTNCJTIwQmlsbGUlMkMlMjBQYXJpcyUyQyUyMEZyYW5jZSUwRCUwQSUyMCUyMCUyMCUyMCUyMCUyMCUzQyUyRnRkJTNFJTBEJTBBJTIwJTIwJTIwJTIwJTNDJTJGdHIlM0UlMEQlMEElMjAlMjAlMjAlMjAlM0N0ciUzRSUwRCUwQSUyMCUyMCUyMCUyMCUyMCUyMCUzQ3RkJTNFMjAxMSUzQyUyRnRkJTNFJTBEJTBBJTIwJTIwJTIwJTIwJTIwJTIwJTNDdGQlM0UlMEQlMEElMjAlMjAlMjAlMjAlMjAlMjAlMjAlMjBBc2llbiUyMEt1bnN0dGFnZSUyQyUyMFp1ZyUyQyUyMFN3aXR6ZXJsYW5kJTNDYnIlM0UlMEQlMEElMjAlMjAlMjAlMjAlMjAlMjAlMjAlMjBPVE8lMkMlMjBCZXJsaW4lMkMlMjBHZXJtYW55JTBEJTBBJTIwJTIwJTIwJTIwJTIwJTIwJTNDJTJGdGQlM0UlMEQlMEElMjAlMjAlMjAlMjAlM0MlMkZ0ciUzRSUwRCUwQSUyMCUyMCUyMCUyMCUzQ3RyJTNFJTBEJTBBJTIwJTIwJTIwJTIwJTIwJTIwJTNDdGQlM0UyMDEwJTNDJTJGdGQlM0UlMEQlMEElMjAlMjAlMjAlMjAlMjAlMjAlM0N0ZCUzRUVzcGFjZSUyMDExMCUyQyUyMElsbHphY2glMkMlMjBGcmFuY2UlM0MlMkZ0ZCUzRSUwRCUwQSUyMCUyMCUyMCUyMCUzQyUyRnRyJTNFJTBEJTBBJTIwJTIwJTIwJTIwJTNDdHIlM0UlMEQlMEElMjAlMjAlMjAlMjAlMjAlMjAlM0N0ZCUzRTIwMDklM0MlMkZ0ZCUzRSUwRCUwQSUyMCUyMCUyMCUyMCUyMCUyMCUzQ3RkJTNFVGglQzMlQTklMjBkZXMlMjBNdXNlcyUyQyUyMFN0cmFzYm91cmclMkMlMjBGcmFuY2UlM0MlMkZ0ZCUzRSUwRCUwQSUyMCUyMCUyMCUyMCUzQyUyRnRyJTNFJTBEJTBBJTIwJTIwJTIwJTIwJTNDdHIlM0UlMEQlMEElMjAlMjAlMjAlMjAlMjAlMjAlM0N0ZCUzRTIwMDglM0MlMkZ0ZCUzRSUwRCUwQSUyMCUyMCUyMCUyMCUyMCUyMCUzQ3RkJTNFTCUyN0Vzc2VuY2UlMjBkdSUyMFRoJUMzJUE5JTJDJTIwQ29sbWFyJTJDJTIwRnJhbmNlJTNDJTJGdGQlM0UlMEQlMEElMjAlMjAlMjAlMjAlM0MlMkZ0ciUzRSUwRCUwQSUyMCUyMCUyMCUyMCUzQ3RyJTNFJTBEJTBBJTIwJTIwJTIwJTIwJTIwJTIwJTNDdGQlM0UyMDA3JTNDJTJGdGQlM0UlMEQlMEElMjAlMjAlMjAlMjAlMjAlMjAlM0N0ZCUzRVRFTlJJJTIwS3VsdHVyd2Vya3N0YXR0JTJDJTIwQ29sb2duZSUyQyUyMEdlcm1hbnklM0MlMkZ0ZCUzRSUwRCUwQSUyMCUyMCUyMCUyMCUzQyUyRnRyJTNFJTBEJTBBJTIwJTIwJTNDJTJGdGJvZHklM0UlMEQlMEElM0MlMkZ0YWJsZSUzRSUwRCUwQQ==[\/vc_raw_html][\/vc_column][\/vc_row]\n","protected":false},"excerpt":{"rendered":"<p>[vc_row type=\u00a0\u00bbin_container\u00a0\u00bb full_screen_row_position=\u00a0\u00bbmiddle\u00a0\u00bb column_margin=\u00a0\u00bbdefault\u00a0\u00bb column_direction=\u00a0\u00bbdefault\u00a0\u00bb column_direction_tablet=\u00a0\u00bbdefault\u00a0\u00bb column_direction_phone=\u00a0\u00bbdefault\u00a0\u00bb scene_position=\u00a0\u00bbcenter\u00a0\u00bb text_color=\u00a0\u00bbdark\u00a0\u00bb text_align=\u00a0\u00bbleft\u00a0\u00bb row_border_radius=\u00a0\u00bbnone\u00a0\u00bb row_border_radius_applies=\u00a0\u00bbbg\u00a0\u00bb overflow=\u00a0\u00bbvisible\u00a0\u00bb overlay_strength=\u00a0\u00bb0.3&Prime; gradient_direction=\u00a0\u00bbleft_to_right\u00a0\u00bb shape_divider_position=\u00a0\u00bbbottom\u00a0\u00bb bg_image_animation=\u00a0\u00bbnone\u00a0\u00bb][vc_column column_padding=\u00a0\u00bbno-extra-padding\u00a0\u00bb column_padding_tablet=\u00a0\u00bbinherit\u00a0\u00bb column_padding_phone=\u00a0\u00bbinherit\u00a0\u00bb column_padding_position=\u00a0\u00bball\u00a0\u00bb column_element_direction_desktop=\u00a0\u00bbdefault\u00a0\u00bb column_element_spacing=\u00a0\u00bbdefault\u00a0\u00bb desktop_text_alignment=\u00a0\u00bbdefault\u00a0\u00bb tablet_text_alignment=\u00a0\u00bbdefault\u00a0\u00bb phone_text_alignment=\u00a0\u00bbdefault\u00a0\u00bb background_color_opacity=\u00a0\u00bb1&Prime; background_hover_color_opacity=\u00a0\u00bb1&Prime; column_backdrop_filter=\u00a0\u00bbnone\u00a0\u00bb column_shadow=\u00a0\u00bbnone\u00a0\u00bb&#8230;<\/p>\n","protected":false},"author":3,"featured_media":0,"parent":0,"menu_order":0,"comment_status":"closed","ping_status":"closed","template":"","meta":{"footnotes":""},"class_list":["post-1061","page","type-page","status-publish"],"yoast_head":"<!-- This site is optimized with the Yoast SEO plugin v26.6 - https:\/\/yoast.com\/wordpress\/plugins\/seo\/ -->\n<title>Expositions - Keishu KAWAI<\/title>\n<meta name=\"robots\" content=\"index, follow, max-snippet:-1, max-image-preview:large, max-video-preview:-1\" \/>\n<link rel=\"canonical\" href=\"https:\/\/keishukawai.com\/exhibition\/\" \/>\n<meta property=\"og:locale\" content=\"fr_FR\" \/>\n<meta property=\"og:type\" content=\"article\" \/>\n<meta property=\"og:title\" content=\"Expositions - Keishu KAWAI\" \/>\n<meta property=\"og:description\" content=\"[vc_row type=\u00a0\u00bbin_container\u00a0\u00bb full_screen_row_position=\u00a0\u00bbmiddle\u00a0\u00bb column_margin=\u00a0\u00bbdefault\u00a0\u00bb column_direction=\u00a0\u00bbdefault\u00a0\u00bb column_direction_tablet=\u00a0\u00bbdefault\u00a0\u00bb column_direction_phone=\u00a0\u00bbdefault\u00a0\u00bb scene_position=\u00a0\u00bbcenter\u00a0\u00bb text_color=\u00a0\u00bbdark\u00a0\u00bb text_align=\u00a0\u00bbleft\u00a0\u00bb row_border_radius=\u00a0\u00bbnone\u00a0\u00bb row_border_radius_applies=\u00a0\u00bbbg\u00a0\u00bb overflow=\u00a0\u00bbvisible\u00a0\u00bb overlay_strength=\u00a0\u00bb0.3&Prime; gradient_direction=\u00a0\u00bbleft_to_right\u00a0\u00bb shape_divider_position=\u00a0\u00bbbottom\u00a0\u00bb bg_image_animation=\u00a0\u00bbnone\u00a0\u00bb][vc_column column_padding=\u00a0\u00bbno-extra-padding\u00a0\u00bb column_padding_tablet=\u00a0\u00bbinherit\u00a0\u00bb column_padding_phone=\u00a0\u00bbinherit\u00a0\u00bb column_padding_position=\u00a0\u00bball\u00a0\u00bb column_element_direction_desktop=\u00a0\u00bbdefault\u00a0\u00bb column_element_spacing=\u00a0\u00bbdefault\u00a0\u00bb desktop_text_alignment=\u00a0\u00bbdefault\u00a0\u00bb tablet_text_alignment=\u00a0\u00bbdefault\u00a0\u00bb phone_text_alignment=\u00a0\u00bbdefault\u00a0\u00bb background_color_opacity=\u00a0\u00bb1&Prime; background_hover_color_opacity=\u00a0\u00bb1&Prime; column_backdrop_filter=\u00a0\u00bbnone\u00a0\u00bb column_shadow=\u00a0\u00bbnone\u00a0\u00bb...\" \/>\n<meta property=\"og:url\" content=\"https:\/\/keishukawai.com\/exhibition\/\" \/>\n<meta property=\"og:site_name\" content=\"Keishu KAWAI\" \/>\n<meta property=\"article:modified_time\" content=\"2025-11-07T16:44:38+00:00\" \/>\n<meta name=\"twitter:card\" content=\"summary_large_image\" \/>\n<meta name=\"twitter:label1\" content=\"Dur\u00e9e de lecture estim\u00e9e\" \/>\n\t<meta name=\"twitter:data1\" content=\"5 minutes\" \/>\n<script type=\"application\/ld+json\" class=\"yoast-schema-graph\">{\"@context\":\"https:\/\/schema.org\",\"@graph\":[{\"@type\":\"WebPage\",\"@id\":\"https:\/\/keishukawai.com\/exhibition\/\",\"url\":\"https:\/\/keishukawai.com\/exhibition\/\",\"name\":\"Expositions - Keishu KAWAI\",\"isPartOf\":{\"@id\":\"https:\/\/keishukawai.com\/#website\"},\"datePublished\":\"2025-09-23T11:48:54+00:00\",\"dateModified\":\"2025-11-07T16:44:38+00:00\",\"breadcrumb\":{\"@id\":\"https:\/\/keishukawai.com\/exhibition\/#breadcrumb\"},\"inLanguage\":\"fr-FR\",\"potentialAction\":[{\"@type\":\"ReadAction\",\"target\":[\"https:\/\/keishukawai.com\/exhibition\/\"]}]},{\"@type\":\"BreadcrumbList\",\"@id\":\"https:\/\/keishukawai.com\/exhibition\/#breadcrumb\",\"itemListElement\":[{\"@type\":\"ListItem\",\"position\":1,\"name\":\"Home\",\"item\":\"https:\/\/keishukawai.com\/fr\/\"},{\"@type\":\"ListItem\",\"position\":2,\"name\":\"Expositions\"}]},{\"@type\":\"WebSite\",\"@id\":\"https:\/\/keishukawai.com\/#website\",\"url\":\"https:\/\/keishukawai.com\/\",\"name\":\"Keishu KAWAI\",\"description\":\"Japanese Calligraphy\",\"potentialAction\":[{\"@type\":\"SearchAction\",\"target\":{\"@type\":\"EntryPoint\",\"urlTemplate\":\"https:\/\/keishukawai.com\/?s={search_term_string}\"},\"query-input\":{\"@type\":\"PropertyValueSpecification\",\"valueRequired\":true,\"valueName\":\"search_term_string\"}}],\"inLanguage\":\"fr-FR\"}]}<\/script>\n<!-- \/ Yoast SEO plugin. -->","yoast_head_json":{"title":"Expositions - Keishu KAWAI","robots":{"index":"index","follow":"follow","max-snippet":"max-snippet:-1","max-image-preview":"max-image-preview:large","max-video-preview":"max-video-preview:-1"},"canonical":"https:\/\/keishukawai.com\/exhibition\/","og_locale":"fr_FR","og_type":"article","og_title":"Expositions - Keishu KAWAI","og_description":"[vc_row type=\u00a0\u00bbin_container\u00a0\u00bb full_screen_row_position=\u00a0\u00bbmiddle\u00a0\u00bb column_margin=\u00a0\u00bbdefault\u00a0\u00bb column_direction=\u00a0\u00bbdefault\u00a0\u00bb column_direction_tablet=\u00a0\u00bbdefault\u00a0\u00bb column_direction_phone=\u00a0\u00bbdefault\u00a0\u00bb scene_position=\u00a0\u00bbcenter\u00a0\u00bb text_color=\u00a0\u00bbdark\u00a0\u00bb text_align=\u00a0\u00bbleft\u00a0\u00bb row_border_radius=\u00a0\u00bbnone\u00a0\u00bb row_border_radius_applies=\u00a0\u00bbbg\u00a0\u00bb overflow=\u00a0\u00bbvisible\u00a0\u00bb overlay_strength=\u00a0\u00bb0.3&Prime; gradient_direction=\u00a0\u00bbleft_to_right\u00a0\u00bb shape_divider_position=\u00a0\u00bbbottom\u00a0\u00bb bg_image_animation=\u00a0\u00bbnone\u00a0\u00bb][vc_column column_padding=\u00a0\u00bbno-extra-padding\u00a0\u00bb column_padding_tablet=\u00a0\u00bbinherit\u00a0\u00bb column_padding_phone=\u00a0\u00bbinherit\u00a0\u00bb column_padding_position=\u00a0\u00bball\u00a0\u00bb column_element_direction_desktop=\u00a0\u00bbdefault\u00a0\u00bb column_element_spacing=\u00a0\u00bbdefault\u00a0\u00bb desktop_text_alignment=\u00a0\u00bbdefault\u00a0\u00bb tablet_text_alignment=\u00a0\u00bbdefault\u00a0\u00bb phone_text_alignment=\u00a0\u00bbdefault\u00a0\u00bb background_color_opacity=\u00a0\u00bb1&Prime; background_hover_color_opacity=\u00a0\u00bb1&Prime; column_backdrop_filter=\u00a0\u00bbnone\u00a0\u00bb column_shadow=\u00a0\u00bbnone\u00a0\u00bb...","og_url":"https:\/\/keishukawai.com\/exhibition\/","og_site_name":"Keishu KAWAI","article_modified_time":"2025-11-07T16:44:38+00:00","twitter_card":"summary_large_image","twitter_misc":{"Dur\u00e9e de lecture estim\u00e9e":"5 minutes"},"schema":{"@context":"https:\/\/schema.org","@graph":[{"@type":"WebPage","@id":"https:\/\/keishukawai.com\/exhibition\/","url":"https:\/\/keishukawai.com\/exhibition\/","name":"Expositions - Keishu KAWAI","isPartOf":{"@id":"https:\/\/keishukawai.com\/#website"},"datePublished":"2025-09-23T11:48:54+00:00","dateModified":"2025-11-07T16:44:38+00:00","breadcrumb":{"@id":"https:\/\/keishukawai.com\/exhibition\/#breadcrumb"},"inLanguage":"fr-FR","potentialAction":[{"@type":"ReadAction","target":["https:\/\/keishukawai.com\/exhibition\/"]}]},{"@type":"BreadcrumbList","@id":"https:\/\/keishukawai.com\/exhibition\/#breadcrumb","itemListElement":[{"@type":"ListItem","position":1,"name":"Home","item":"https:\/\/keishukawai.com\/fr\/"},{"@type":"ListItem","position":2,"name":"Expositions"}]},{"@type":"WebSite","@id":"https:\/\/keishukawai.com\/#website","url":"https:\/\/keishukawai.com\/","name":"Keishu KAWAI","description":"Japanese Calligraphy","potentialAction":[{"@type":"SearchAction","target":{"@type":"EntryPoint","urlTemplate":"https:\/\/keishukawai.com\/?s={search_term_string}"},"query-input":{"@type":"PropertyValueSpecification","valueRequired":true,"valueName":"search_term_string"}}],"inLanguage":"fr-FR"}]}},"_links":{"self":[{"href":"https:\/\/keishukawai.com\/fr\/wp-json\/wp\/v2\/pages\/1061","targetHints":{"allow":["GET"]}}],"collection":[{"href":"https:\/\/keishukawai.com\/fr\/wp-json\/wp\/v2\/pages"}],"about":[{"href":"https:\/\/keishukawai.com\/fr\/wp-json\/wp\/v2\/types\/page"}],"author":[{"embeddable":true,"href":"https:\/\/keishukawai.com\/fr\/wp-json\/wp\/v2\/users\/3"}],"replies":[{"embeddable":true,"href":"https:\/\/keishukawai.com\/fr\/wp-json\/wp\/v2\/comments?post=1061"}],"version-history":[{"count":2,"href":"https:\/\/keishukawai.com\/fr\/wp-json\/wp\/v2\/pages\/1061\/revisions"}],"predecessor-version":[{"id":1069,"href":"https:\/\/keishukawai.com\/fr\/wp-json\/wp\/v2\/pages\/1061\/revisions\/1069"}],"wp:attachment":[{"href":"https:\/\/keishukawai.com\/fr\/wp-json\/wp\/v2\/media?parent=1061"}],"curies":[{"name":"wp","href":"https:\/\/api.w.org\/{rel}","templated":true}]}}