{"id":1056,"date":"2025-09-23T13:20:35","date_gmt":"2025-09-23T11:20:35","guid":{"rendered":"https:\/\/keishukawai.com\/?page_id=1056"},"modified":"2025-11-07T17:33:56","modified_gmt":"2025-11-07T16:33:56","slug":"demonstrations","status":"publish","type":"page","link":"https:\/\/keishukawai.com\/fr\/demonstrations\/","title":{"rendered":"D\u00e9monstrations"},"content":{"rendered":"[vc_row type=\u00a0\u00bbin_container\u00a0\u00bb full_screen_row_position=\u00a0\u00bbmiddle\u00a0\u00bb column_margin=\u00a0\u00bbdefault\u00a0\u00bb column_direction=\u00a0\u00bbdefault\u00a0\u00bb column_direction_tablet=\u00a0\u00bbdefault\u00a0\u00bb column_direction_phone=\u00a0\u00bbdefault\u00a0\u00bb scene_position=\u00a0\u00bbcenter\u00a0\u00bb top_padding=\u00a0\u00bb60&Prime; text_color=\u00a0\u00bbdark\u00a0\u00bb text_align=\u00a0\u00bbleft\u00a0\u00bb row_border_radius=\u00a0\u00bbnone\u00a0\u00bb row_border_radius_applies=\u00a0\u00bbbg\u00a0\u00bb overflow=\u00a0\u00bbvisible\u00a0\u00bb overlay_strength=\u00a0\u00bb0.3&Prime; gradient_direction=\u00a0\u00bbleft_to_right\u00a0\u00bb shape_divider_position=\u00a0\u00bbbottom\u00a0\u00bb bg_image_animation=\u00a0\u00bbnone\u00a0\u00bb gradient_type=\u00a0\u00bbdefault\u00a0\u00bb shape_type=\u00a0\u00bb\u00a0\u00bb][vc_column column_padding=\u00a0\u00bbno-extra-padding\u00a0\u00bb column_padding_tablet=\u00a0\u00bbinherit\u00a0\u00bb column_padding_phone=\u00a0\u00bbinherit\u00a0\u00bb column_padding_position=\u00a0\u00bball\u00a0\u00bb column_element_direction_desktop=\u00a0\u00bbdefault\u00a0\u00bb column_element_spacing=\u00a0\u00bbdefault\u00a0\u00bb desktop_text_alignment=\u00a0\u00bbdefault\u00a0\u00bb tablet_text_alignment=\u00a0\u00bbdefault\u00a0\u00bb phone_text_alignment=\u00a0\u00bbdefault\u00a0\u00bb background_color_opacity=\u00a0\u00bb1&Prime; background_hover_color_opacity=\u00a0\u00bb1&Prime; column_backdrop_filter=\u00a0\u00bbnone\u00a0\u00bb column_shadow=\u00a0\u00bbnone\u00a0\u00bb column_border_radius=\u00a0\u00bbnone\u00a0\u00bb column_link_target=\u00a0\u00bb_self\u00a0\u00bb column_position=\u00a0\u00bbdefault\u00a0\u00bb gradient_direction=\u00a0\u00bbleft_to_right\u00a0\u00bb overlay_strength=\u00a0\u00bb0.3&Prime; width=\u00a0\u00bb1\/1&Prime; tablet_width_inherit=\u00a0\u00bbdefault\u00a0\u00bb animation_type=\u00a0\u00bbdefault\u00a0\u00bb bg_image_animation=\u00a0\u00bbnone\u00a0\u00bb border_type=\u00a0\u00bbsimple\u00a0\u00bb column_border_width=\u00a0\u00bbnone\u00a0\u00bb column_border_style=\u00a0\u00bbsolid\u00a0\u00bb][vc_column_text css=\u00a0\u00bb\u00a0\u00bb text_direction=\u00a0\u00bbdefault\u00a0\u00bb]\n<h1>D\u00e9monstrations de calligraphie<\/h1>\n[\/vc_column_text][\/vc_column][\/vc_row][vc_row type=\u00a0\u00bbin_container\u00a0\u00bb full_screen_row_position=\u00a0\u00bbmiddle\u00a0\u00bb column_margin=\u00a0\u00bbdefault\u00a0\u00bb column_direction=\u00a0\u00bbdefault\u00a0\u00bb column_direction_tablet=\u00a0\u00bbdefault\u00a0\u00bb column_direction_phone=\u00a0\u00bbdefault\u00a0\u00bb scene_position=\u00a0\u00bbcenter\u00a0\u00bb bottom_padding=\u00a0\u00bb40&Prime; right_padding_desktop=\u00a0\u00bb120&Prime; right_padding_phone=\u00a0\u00bb0&Prime; text_color=\u00a0\u00bbdark\u00a0\u00bb text_align=\u00a0\u00bbleft\u00a0\u00bb row_border_radius=\u00a0\u00bbnone\u00a0\u00bb row_border_radius_applies=\u00a0\u00bbbg\u00a0\u00bb overflow=\u00a0\u00bbvisible\u00a0\u00bb overlay_strength=\u00a0\u00bb0.3&Prime; gradient_direction=\u00a0\u00bbleft_to_right\u00a0\u00bb shape_divider_position=\u00a0\u00bbbottom\u00a0\u00bb bg_image_animation=\u00a0\u00bbnone\u00a0\u00bb gradient_type=\u00a0\u00bbdefault\u00a0\u00bb shape_type=\u00a0\u00bb\u00a0\u00bb][vc_column column_padding=\u00a0\u00bbno-extra-padding\u00a0\u00bb column_padding_tablet=\u00a0\u00bbinherit\u00a0\u00bb column_padding_phone=\u00a0\u00bbinherit\u00a0\u00bb column_padding_position=\u00a0\u00bball\u00a0\u00bb column_element_direction_desktop=\u00a0\u00bbdefault\u00a0\u00bb column_element_spacing=\u00a0\u00bbdefault\u00a0\u00bb desktop_text_alignment=\u00a0\u00bbdefault\u00a0\u00bb tablet_text_alignment=\u00a0\u00bbdefault\u00a0\u00bb phone_text_alignment=\u00a0\u00bbdefault\u00a0\u00bb background_color_opacity=\u00a0\u00bb1&Prime; background_hover_color_opacity=\u00a0\u00bb1&Prime; column_backdrop_filter=\u00a0\u00bbnone\u00a0\u00bb column_shadow=\u00a0\u00bbnone\u00a0\u00bb column_border_radius=\u00a0\u00bbnone\u00a0\u00bb column_link_target=\u00a0\u00bb_self\u00a0\u00bb column_position=\u00a0\u00bbdefault\u00a0\u00bb gradient_direction=\u00a0\u00bbleft_to_right\u00a0\u00bb overlay_strength=\u00a0\u00bb0.3&Prime; width=\u00a0\u00bb1\/1&Prime; tablet_width_inherit=\u00a0\u00bbdefault\u00a0\u00bb animation_type=\u00a0\u00bbdefault\u00a0\u00bb bg_image_animation=\u00a0\u00bbnone\u00a0\u00bb border_type=\u00a0\u00bbsimple\u00a0\u00bb column_border_width=\u00a0\u00bbnone\u00a0\u00bb column_border_style=\u00a0\u00bbsolid\u00a0\u00bb][vc_column_text css=\u00a0\u00bb\u00a0\u00bb text_direction=\u00a0\u00bbdefault\u00a0\u00bb]Je r\u00e9alise des d\u00e9monstrations de calligraphie sur sc\u00e8ne \u00e0 la demande d&rsquo;\u00e9v\u00e9nements culturels japonais, d&rsquo;entreprises et d&rsquo;administrations.<br \/>\nAccompagn\u00e9 de diverses musiques, je r\u00e9alise des calligraphies \u00e0 l&rsquo;aide d&rsquo;un grand pinceau, v\u00eatu d&rsquo;un kimono ou d&rsquo;un hapi blanc, deux costumes traditionnels japonais. Tout en gardant \u00e0 l&rsquo;esprit mon r\u00f4le d&rsquo;animateur, je m&rsquo;efforce de faire de cette d\u00e9monstration une c\u00e9r\u00e9monie \u00e0 part enti\u00e8re, o\u00f9 le public peut appr\u00e9cier les gestes rituels et le frottement du pinceau.[\/vc_column_text][\/vc_column][\/vc_row][vc_row type=\u00a0\u00bbfull_width_background\u00a0\u00bb full_screen_row_position=\u00a0\u00bbmiddle\u00a0\u00bb column_margin=\u00a0\u00bbdefault\u00a0\u00bb column_direction=\u00a0\u00bbdefault\u00a0\u00bb column_direction_tablet=\u00a0\u00bbdefault\u00a0\u00bb column_direction_phone=\u00a0\u00bbdefault\u00a0\u00bb bg_color=\u00a0\u00bb#EFEEEB\u00a0\u00bb scene_position=\u00a0\u00bbcenter\u00a0\u00bb top_padding=\u00a0\u00bb80&Prime; constrain_group_1=\u00a0\u00bbyes\u00a0\u00bb bottom_padding=\u00a0\u00bb80&Prime; text_color=\u00a0\u00bbdark\u00a0\u00bb text_align=\u00a0\u00bbleft\u00a0\u00bb row_border_radius=\u00a0\u00bbnone\u00a0\u00bb row_border_radius_applies=\u00a0\u00bbbg\u00a0\u00bb overflow=\u00a0\u00bbvisible\u00a0\u00bb overlay_strength=\u00a0\u00bb0.3&Prime; gradient_direction=\u00a0\u00bbleft_to_right\u00a0\u00bb shape_divider_position=\u00a0\u00bbbottom\u00a0\u00bb bg_image_animation=\u00a0\u00bbnone\u00a0\u00bb gradient_type=\u00a0\u00bbdefault\u00a0\u00bb shape_type=\u00a0\u00bb\u00a0\u00bb][vc_column column_padding=\u00a0\u00bbno-extra-padding\u00a0\u00bb column_padding_tablet=\u00a0\u00bbinherit\u00a0\u00bb column_padding_phone=\u00a0\u00bbinherit\u00a0\u00bb column_padding_position=\u00a0\u00bball\u00a0\u00bb column_element_direction_desktop=\u00a0\u00bbdefault\u00a0\u00bb column_element_spacing=\u00a0\u00bbdefault\u00a0\u00bb desktop_text_alignment=\u00a0\u00bbdefault\u00a0\u00bb tablet_text_alignment=\u00a0\u00bbdefault\u00a0\u00bb phone_text_alignment=\u00a0\u00bbdefault\u00a0\u00bb background_color_opacity=\u00a0\u00bb1&Prime; background_hover_color_opacity=\u00a0\u00bb1&Prime; column_backdrop_filter=\u00a0\u00bbnone\u00a0\u00bb column_shadow=\u00a0\u00bbnone\u00a0\u00bb column_border_radius=\u00a0\u00bbnone\u00a0\u00bb column_link_target=\u00a0\u00bb_self\u00a0\u00bb column_position=\u00a0\u00bbdefault\u00a0\u00bb gradient_direction=\u00a0\u00bbleft_to_right\u00a0\u00bb overlay_strength=\u00a0\u00bb0.3&Prime; width=\u00a0\u00bb1\/1&Prime; tablet_width_inherit=\u00a0\u00bbdefault\u00a0\u00bb animation_type=\u00a0\u00bbdefault\u00a0\u00bb bg_image_animation=\u00a0\u00bbnone\u00a0\u00bb border_type=\u00a0\u00bbsimple\u00a0\u00bb column_border_width=\u00a0\u00bbnone\u00a0\u00bb column_border_style=\u00a0\u00bbsolid\u00a0\u00bb][nectar_video_player_self_hosted video_mp4=\u00a0\u00bbhttps:\/\/keishukawai.com\/wp-content\/uploads\/2024\/12\/demo.mp4&Prime; video_image=\u00a0\u00bb807&Prime; player_functionality=\u00a0\u00bbdefault\u00a0\u00bb border_radius=\u00a0\u00bbnone\u00a0\u00bb box_shadow=\u00a0\u00bbnone\u00a0\u00bb advanced_gradient_display_type=\u00a0\u00bblinear\u00a0\u00bb][\/vc_column][\/vc_row][vc_row type=\u00a0\u00bbin_container\u00a0\u00bb full_screen_row_position=\u00a0\u00bbmiddle\u00a0\u00bb column_margin=\u00a0\u00bbdefault\u00a0\u00bb column_direction=\u00a0\u00bbdefault\u00a0\u00bb column_direction_tablet=\u00a0\u00bbdefault\u00a0\u00bb column_direction_phone=\u00a0\u00bbdefault\u00a0\u00bb scene_position=\u00a0\u00bbcenter\u00a0\u00bb top_padding=\u00a0\u00bb60&Prime; text_color=\u00a0\u00bbdark\u00a0\u00bb text_align=\u00a0\u00bbleft\u00a0\u00bb row_border_radius=\u00a0\u00bbnone\u00a0\u00bb row_border_radius_applies=\u00a0\u00bbbg\u00a0\u00bb overflow=\u00a0\u00bbvisible\u00a0\u00bb overlay_strength=\u00a0\u00bb0.3&Prime; gradient_direction=\u00a0\u00bbleft_to_right\u00a0\u00bb shape_divider_position=\u00a0\u00bbbottom\u00a0\u00bb bg_image_animation=\u00a0\u00bbnone\u00a0\u00bb gradient_type=\u00a0\u00bbdefault\u00a0\u00bb shape_type=\u00a0\u00bb\u00a0\u00bb][vc_column column_padding=\u00a0\u00bbpadding-3-percent\u00a0\u00bb column_padding_tablet=\u00a0\u00bbinherit\u00a0\u00bb column_padding_phone=\u00a0\u00bbno-extra-padding\u00a0\u00bb column_padding_position=\u00a0\u00bbright\u00a0\u00bb column_element_direction_desktop=\u00a0\u00bbdefault\u00a0\u00bb column_element_spacing=\u00a0\u00bbdefault\u00a0\u00bb desktop_text_alignment=\u00a0\u00bbdefault\u00a0\u00bb tablet_text_alignment=\u00a0\u00bbdefault\u00a0\u00bb phone_text_alignment=\u00a0\u00bbdefault\u00a0\u00bb background_color_opacity=\u00a0\u00bb1&Prime; background_hover_color_opacity=\u00a0\u00bb1&Prime; column_backdrop_filter=\u00a0\u00bbnone\u00a0\u00bb column_shadow=\u00a0\u00bbnone\u00a0\u00bb column_border_radius=\u00a0\u00bbnone\u00a0\u00bb column_link_target=\u00a0\u00bb_self\u00a0\u00bb column_position=\u00a0\u00bbdefault\u00a0\u00bb gradient_direction=\u00a0\u00bbleft_to_right\u00a0\u00bb overlay_strength=\u00a0\u00bb0.3&Prime; width=\u00a0\u00bb1\/2&Prime; tablet_width_inherit=\u00a0\u00bbdefault\u00a0\u00bb animation_type=\u00a0\u00bbdefault\u00a0\u00bb bg_image_animation=\u00a0\u00bbnone\u00a0\u00bb border_type=\u00a0\u00bbsimple\u00a0\u00bb column_border_width=\u00a0\u00bbnone\u00a0\u00bb column_border_style=\u00a0\u00bbsolid\u00a0\u00bb column_padding_type=\u00a0\u00bbdefault\u00a0\u00bb gradient_type=\u00a0\u00bbdefault\u00a0\u00bb][image_with_animation image_url=\u00a0\u00bb197&Prime; image_size=\u00a0\u00bbfull\u00a0\u00bb max_width=\u00a0\u00bb100%\u00a0\u00bb max_width_mobile=\u00a0\u00bbdefault\u00a0\u00bb animation_type=\u00a0\u00bbentrance\u00a0\u00bb animation=\u00a0\u00bbNone\u00a0\u00bb animation_movement_type=\u00a0\u00bbtransform_y\u00a0\u00bb hover_animation=\u00a0\u00bbnone\u00a0\u00bb alignment=\u00a0\u00bb\u00a0\u00bb border_radius=\u00a0\u00bbnone\u00a0\u00bb box_shadow=\u00a0\u00bbnone\u00a0\u00bb image_loading=\u00a0\u00bbdefault\u00a0\u00bb][\/vc_column][vc_column column_padding=\u00a0\u00bbno-extra-padding\u00a0\u00bb column_padding_tablet=\u00a0\u00bbinherit\u00a0\u00bb column_padding_phone=\u00a0\u00bbinherit\u00a0\u00bb column_padding_position=\u00a0\u00bball\u00a0\u00bb column_element_direction_desktop=\u00a0\u00bbdefault\u00a0\u00bb column_element_spacing=\u00a0\u00bbdefault\u00a0\u00bb desktop_text_alignment=\u00a0\u00bbdefault\u00a0\u00bb tablet_text_alignment=\u00a0\u00bbdefault\u00a0\u00bb phone_text_alignment=\u00a0\u00bbdefault\u00a0\u00bb background_color_opacity=\u00a0\u00bb1&Prime; background_hover_color_opacity=\u00a0\u00bb1&Prime; column_backdrop_filter=\u00a0\u00bbnone\u00a0\u00bb column_shadow=\u00a0\u00bbnone\u00a0\u00bb column_border_radius=\u00a0\u00bbnone\u00a0\u00bb column_link_target=\u00a0\u00bb_self\u00a0\u00bb column_position=\u00a0\u00bbdefault\u00a0\u00bb gradient_direction=\u00a0\u00bbleft_to_right\u00a0\u00bb overlay_strength=\u00a0\u00bb0.3&Prime; width=\u00a0\u00bb1\/2&Prime; tablet_width_inherit=\u00a0\u00bbdefault\u00a0\u00bb animation_type=\u00a0\u00bbdefault\u00a0\u00bb bg_image_animation=\u00a0\u00bbnone\u00a0\u00bb border_type=\u00a0\u00bbsimple\u00a0\u00bb column_border_width=\u00a0\u00bbnone\u00a0\u00bb column_border_style=\u00a0\u00bbsolid\u00a0\u00bb][vc_column_text css=\u00a0\u00bb\u00a0\u00bb text_direction=\u00a0\u00bbdefault\u00a0\u00bb]\n<h2>Demonstrations &amp; performances<\/h2>\n[\/vc_column_text][vc_raw_html css=\u00a0\u00bb\u00a0\u00bb]JTNDdGFibGUlM0UlMEQlMEElMjAlMjAlM0N0Ym9keSUzRSUwRCUwQSUyMCUyMCUyMCUyMCUzQ3RyJTNFJTBEJTBBJTIwJTIwJTIwJTIwJTIwJTIwJTNDdGQlM0UyMDE5JTNDJTJGdGQlM0UlMEQlMEElMjAlMjAlMjAlMjAlMjAlMjAlM0N0ZCUzRVRoJUMzJUE5JUMzJUEydHJlJTJDJTIwTWV0eiUyQyUyMEZyYW5jZSUzQyUyRnRkJTNFJTBEJTBBJTIwJTIwJTIwJTIwJTNDJTJGdHIlM0UlMEQlMEElMjAlMjAlMjAlMjAlM0N0ciUzRSUwRCUwQSUyMCUyMCUyMCUyMCUyMCUyMCUzQ3RkJTNFMjAxOCUzQyUyRnRkJTNFJTBEJTBBJTIwJTIwJTIwJTIwJTIwJTIwJTNDdGQlM0UlMEQlMEElMjAlMjAlMjAlMjAlMjAlMjAlMjAlMjBMYW5kZXNnYXJ0ZW5zY2hhdSUyQyUyMExhaHIlMkMlMjBHZXJtYW55JTNDYnIlM0UlMEQlMEElMjAlMjAlMjAlMjAlMjAlMjAlMjAlMjBTYWxvbiUyMGludGVybmF0aW9uYWwlMjBkdSUyMFRvdXJpc21lJTIwU0lUViUyQyUyMENvbG1hciUyQyUyMEZyYW5jZSUwRCUwQSUyMCUyMCUyMCUyMCUyMCUyMCUzQyUyRnRkJTNFJTBEJTBBJTIwJTIwJTIwJTIwJTNDJTJGdHIlM0UlMEQlMEElMjAlMjAlMjAlMjAlM0N0ciUzRSUwRCUwQSUyMCUyMCUyMCUyMCUyMCUyMCUzQ3RkJTNFMjAxNyUzQyUyRnRkJTNFJTBEJTBBJTIwJTIwJTIwJTIwJTIwJTIwJTNDdGQlM0VQbGFjZSUyMEtsJUMzJUE5YmVyJTJDJTIwRiVDMyVBQXRlJTIwZCUyN2F1dG9tbmUlMkMlMjBTdHJhc2JvdXJnJTJDJTIwRnJhbmNlJTNDJTJGdGQlM0UlMEQlMEElMjAlMjAlMjAlMjAlM0MlMkZ0ciUzRSUwRCUwQSUyMCUyMCUyMCUyMCUzQ3RyJTNFJTBEJTBBJTIwJTIwJTIwJTIwJTIwJTIwJTNDdGQlM0UyMDE1JTNDJTJGdGQlM0UlMEQlMEElMjAlMjAlMjAlMjAlMjAlMjAlM0N0ZCUzRSUwRCUwQSUyMCUyMCUyMCUyMCUyMCUyMCUyMCUyME11cyVDMyVBOWUlMjBkZSUyMGwlMjdpbXByZXNzaW9uJTIwc3VyJTIwJUMzJUE5dG9mZmVzJTJDJTIwTXVsaG91c2UlMkMlMjBGcmFuY2UlM0NiciUzRSUwRCUwQSUyMCUyMCUyMCUyMCUyMCUyMCUyMCUyMENvbGxlZ2UlMjBLYWtpb2thJTJDJTIwSXNoaW9rYSUyQyUyMEphcGFuJTBEJTBBJTIwJTIwJTIwJTIwJTIwJTIwJTNDJTJGdGQlM0UlMEQlMEElMjAlMjAlMjAlMjAlM0MlMkZ0ciUzRSUwRCUwQSUyMCUyMCUyMCUyMCUzQ3RyJTNFJTBEJTBBJTIwJTIwJTIwJTIwJTIwJTIwJTNDdGQlM0UyMDE0JTNDJTJGdGQlM0UlMEQlMEElMjAlMjAlMjAlMjAlMjAlMjAlM0N0ZCUzRSUwRCUwQSUyMCUyMCUyMCUyMCUyMCUyMCUyMCUyMEJ1dG9rYW4lMjBEb2pvJTJDJTIwU3RyYXNib3VyZyUyQyUyMEZyYW5jZSUzQ2JyJTNFJTBEJTBBJTIwJTIwJTIwJTIwJTIwJTIwJTIwJTIwU2Fsb24lMjBpbnRlcm5hdGlvbmFsJTIwZHUlMjBUb3VyaXNtZSUyMFNJVFYlMkMlMjBDb2xtYXIlMkMlMjBGcmFuY2UlMEQlMEElMjAlMjAlMjAlMjAlMjAlMjAlM0MlMkZ0ZCUzRSUwRCUwQSUyMCUyMCUyMCUyMCUzQyUyRnRyJTNFJTBEJTBBJTIwJTIwJTIwJTIwJTNDdHIlM0UlMEQlMEElMjAlMjAlMjAlMjAlMjAlMjAlM0N0ZCUzRTIwMTMlM0MlMkZ0ZCUzRSUwRCUwQSUyMCUyMCUyMCUyMCUyMCUyMCUzQ3RkJTNFQ0VFSkElMkMlMjBLaWVudHpoZWltJTJDJTIwRnJhbmNlJTNDJTJGdGQlM0UlMEQlMEElMjAlMjAlMjAlMjAlM0MlMkZ0ciUzRSUwRCUwQSUyMCUyMCUyMCUyMCUzQ3RyJTNFJTBEJTBBJTIwJTIwJTIwJTIwJTIwJTIwJTNDdGQlM0UyMDEyJTNDJTJGdGQlM0UlMEQlMEElMjAlMjAlMjAlMjAlMjAlMjAlM0N0ZCUzRU11cyVDMyVBOWUlMjBHZXJhJTJDJTIwR2VyYSUyQyUyMEdlcm1hbnklM0MlMkZ0ZCUzRSUwRCUwQSUyMCUyMCUyMCUyMCUzQyUyRnRyJTNFJTBEJTBBJTIwJTIwJTIwJTIwJTNDdHIlM0UlMEQlMEElMjAlMjAlMjAlMjAlMjAlMjAlM0N0ZCUzRTIwMTElM0MlMkZ0ZCUzRSUwRCUwQSUyMCUyMCUyMCUyMCUyMCUyMCUzQ3RkJTNFQW1iYXNzYWRlJTIwZHUlMjBKYXBvbiUyQyUyMEJlcmxpbiUyQyUyMEdlcm1hbnklM0MlMkZ0ZCUzRSUwRCUwQSUyMCUyMCUyMCUyMCUzQyUyRnRyJTNFJTBEJTBBJTIwJTIwJTIwJTIwJTNDdHIlM0UlMEQlMEElMjAlMjAlMjAlMjAlMjAlMjAlM0N0ZCUzRTIwMTAlM0MlMkZ0ZCUzRSUwRCUwQSUyMCUyMCUyMCUyMCUyMCUyMCUzQ3RkJTNFJTBEJTBBJTIwJTIwJTIwJTIwJTIwJTIwJTIwJTIwU2Fsb24lMjBNYWlzb24lMjBEJUMzJUE5Y29yYXRpb24lMkMlMjBDb2xtYXIlMkMlMjBGcmFuY2UlM0NiciUzRSUwRCUwQSUyMCUyMCUyMCUyMCUyMCUyMCUyMCUyMFBsdW1lJTIwJTI2YW1wJTNCJTIwQmlsbGUlMkMlMjBQYXJpcyUyQyUyMEZyYW5jZSUwRCUwQSUyMCUyMCUyMCUyMCUyMCUyMCUzQyUyRnRkJTNFJTBEJTBBJTIwJTIwJTIwJTIwJTNDJTJGdHIlM0UlMEQlMEElMjAlMjAlMjAlMjAlM0N0ciUzRSUwRCUwQSUyMCUyMCUyMCUyMCUyMCUyMCUzQ3RkJTNFMjAwOSUzQyUyRnRkJTNFJTBEJTBBJTIwJTIwJTIwJTIwJTIwJTIwJTNDdGQlM0VMJTI3JUMzJUE5Y29sZSUyMGRlJTIwY29tYmF0JTIwZGUlMjBCZWxmb3J0JTJDJTIwQmVsZm9ydCUyQyUyMEZyYW5jZSUzQyUyRnRkJTNFJTBEJTBBJTIwJTIwJTIwJTIwJTNDJTJGdHIlM0UlMEQlMEElMjAlMjAlMjAlMjAlM0N0ciUzRSUwRCUwQSUyMCUyMCUyMCUyMCUyMCUyMCUzQ3RkJTNFMjAwOCUzQyUyRnRkJTNFJTBEJTBBJTIwJTIwJTIwJTIwJTIwJTIwJTNDdGQlM0VHYWxlcmllcyUyMExhZmF5ZXR0ZSUyQyUyMFN0cmFzYm91cmclMkMlMjBGcmFuY2UlM0MlMkZ0ZCUzRSUwRCUwQSUyMCUyMCUyMCUyMCUzQyUyRnRyJTNFJTBEJTBBJTIwJTIwJTIwJTIwJTNDdHIlM0UlMEQlMEElMjAlMjAlMjAlMjAlMjAlMjAlM0N0ZCUzRTIwMDclM0MlMkZ0ZCUzRSUwRCUwQSUyMCUyMCUyMCUyMCUyMCUyMCUzQ3RkJTNFJTBEJTBBJTIwJTIwJTIwJTIwJTIwJTIwJTIwJTIwRiVDMyVBQXRlJTIwZHUlMjBDaHJ5c2FudGglQzMlQThtZSUyQyUyMExhaHIlMkMlMjBHZXJtYW55JTNDYnIlM0UlMEQlMEElMjAlMjAlMjAlMjAlMjAlMjAlMjAlMjBVbml2ZXJzaXQlQzMlQTklMjBkZSUyMEhhdXRlLUFsc2FjZSUyQyUyME11bGhvdXNlJTJDJTIwRnJhbmNlJTNDYnIlM0UlMEQlMEElMjAlMjAlMjAlMjAlMjAlMjAlMjAlMjBDb25zdWxhdCUyMGR1JTIwSmFwb24lMkMlMjBNb2xzaGVpbSUyQyUyMEZyYW5jZSUzQ2JyJTNFJTBEJTBBJTIwJTIwJTIwJTIwJTIwJTIwJTIwJTIwRlVKSSUyMFRWJTJDJTIwTmllZGVybW9yc2Nod2lociUyQyUyMEZyYW5jZSUzQ2JyJTNFJTBEJTBBJTIwJTIwJTIwJTIwJTIwJTIwJTIwJTIwVW5pdmVyc2l0eSUyMG9mJTIwRnJlaWJ1cmclMkMlMjBGcmVpYnVyZyUyQyUyMEdlcm1hbnklMEQlMEElMjAlMjAlMjAlMjAlMjAlMjAlM0MlMkZ0ZCUzRSUwRCUwQSUyMCUyMCUyMCUyMCUzQyUyRnRyJTNFJTBEJTBBJTIwJTIwJTNDJTJGdGJvZHklM0UlMEQlMEElM0MlMkZ0YWJsZSUzRSUwRCUwQQ==[\/vc_raw_html][\/vc_column][\/vc_row]\n","protected":false},"excerpt":{"rendered":"<p>[vc_row type=\u00a0\u00bbin_container\u00a0\u00bb full_screen_row_position=\u00a0\u00bbmiddle\u00a0\u00bb column_margin=\u00a0\u00bbdefault\u00a0\u00bb column_direction=\u00a0\u00bbdefault\u00a0\u00bb column_direction_tablet=\u00a0\u00bbdefault\u00a0\u00bb column_direction_phone=\u00a0\u00bbdefault\u00a0\u00bb scene_position=\u00a0\u00bbcenter\u00a0\u00bb top_padding=\u00a0\u00bb60&Prime; text_color=\u00a0\u00bbdark\u00a0\u00bb text_align=\u00a0\u00bbleft\u00a0\u00bb row_border_radius=\u00a0\u00bbnone\u00a0\u00bb row_border_radius_applies=\u00a0\u00bbbg\u00a0\u00bb overflow=\u00a0\u00bbvisible\u00a0\u00bb overlay_strength=\u00a0\u00bb0.3&Prime; gradient_direction=\u00a0\u00bbleft_to_right\u00a0\u00bb shape_divider_position=\u00a0\u00bbbottom\u00a0\u00bb bg_image_animation=\u00a0\u00bbnone\u00a0\u00bb gradient_type=\u00a0\u00bbdefault\u00a0\u00bb shape_type=\u00a0\u00bb\u00a0\u00bb][vc_column column_padding=\u00a0\u00bbno-extra-padding\u00a0\u00bb column_padding_tablet=\u00a0\u00bbinherit\u00a0\u00bb column_padding_phone=\u00a0\u00bbinherit\u00a0\u00bb column_padding_position=\u00a0\u00bball\u00a0\u00bb column_element_direction_desktop=\u00a0\u00bbdefault\u00a0\u00bb column_element_spacing=\u00a0\u00bbdefault\u00a0\u00bb desktop_text_alignment=\u00a0\u00bbdefault\u00a0\u00bb tablet_text_alignment=\u00a0\u00bbdefault\u00a0\u00bb phone_text_alignment=\u00a0\u00bbdefault\u00a0\u00bb background_color_opacity=\u00a0\u00bb1&Prime;&#8230;<\/p>\n","protected":false},"author":3,"featured_media":0,"parent":0,"menu_order":0,"comment_status":"closed","ping_status":"closed","template":"","meta":{"footnotes":""},"class_list":["post-1056","page","type-page","status-publish"],"yoast_head":"<!-- This site is optimized with the Yoast SEO plugin v26.6 - https:\/\/yoast.com\/wordpress\/plugins\/seo\/ -->\n<title>D\u00e9monstrations - Keishu KAWAI<\/title>\n<meta name=\"robots\" content=\"index, follow, max-snippet:-1, max-image-preview:large, max-video-preview:-1\" \/>\n<link rel=\"canonical\" href=\"https:\/\/keishukawai.com\/fr\/demonstrations\/\" \/>\n<meta property=\"og:locale\" content=\"fr_FR\" \/>\n<meta property=\"og:type\" content=\"article\" \/>\n<meta property=\"og:title\" content=\"D\u00e9monstrations - Keishu KAWAI\" \/>\n<meta property=\"og:description\" content=\"[vc_row type=\u00a0\u00bbin_container\u00a0\u00bb full_screen_row_position=\u00a0\u00bbmiddle\u00a0\u00bb column_margin=\u00a0\u00bbdefault\u00a0\u00bb column_direction=\u00a0\u00bbdefault\u00a0\u00bb column_direction_tablet=\u00a0\u00bbdefault\u00a0\u00bb column_direction_phone=\u00a0\u00bbdefault\u00a0\u00bb scene_position=\u00a0\u00bbcenter\u00a0\u00bb top_padding=\u00a0\u00bb60&Prime; text_color=\u00a0\u00bbdark\u00a0\u00bb text_align=\u00a0\u00bbleft\u00a0\u00bb row_border_radius=\u00a0\u00bbnone\u00a0\u00bb row_border_radius_applies=\u00a0\u00bbbg\u00a0\u00bb overflow=\u00a0\u00bbvisible\u00a0\u00bb overlay_strength=\u00a0\u00bb0.3&Prime; gradient_direction=\u00a0\u00bbleft_to_right\u00a0\u00bb shape_divider_position=\u00a0\u00bbbottom\u00a0\u00bb bg_image_animation=\u00a0\u00bbnone\u00a0\u00bb gradient_type=\u00a0\u00bbdefault\u00a0\u00bb shape_type=\u00a0\u00bb\u00a0\u00bb][vc_column column_padding=\u00a0\u00bbno-extra-padding\u00a0\u00bb column_padding_tablet=\u00a0\u00bbinherit\u00a0\u00bb column_padding_phone=\u00a0\u00bbinherit\u00a0\u00bb column_padding_position=\u00a0\u00bball\u00a0\u00bb column_element_direction_desktop=\u00a0\u00bbdefault\u00a0\u00bb column_element_spacing=\u00a0\u00bbdefault\u00a0\u00bb desktop_text_alignment=\u00a0\u00bbdefault\u00a0\u00bb tablet_text_alignment=\u00a0\u00bbdefault\u00a0\u00bb phone_text_alignment=\u00a0\u00bbdefault\u00a0\u00bb background_color_opacity=\u00a0\u00bb1&Prime;...\" \/>\n<meta property=\"og:url\" content=\"https:\/\/keishukawai.com\/fr\/demonstrations\/\" \/>\n<meta property=\"og:site_name\" content=\"Keishu KAWAI\" \/>\n<meta property=\"article:modified_time\" content=\"2025-11-07T16:33:56+00:00\" \/>\n<meta name=\"twitter:card\" content=\"summary_large_image\" \/>\n<meta name=\"twitter:label1\" content=\"Dur\u00e9e de lecture estim\u00e9e\" \/>\n\t<meta name=\"twitter:data1\" content=\"6 minutes\" \/>\n<script type=\"application\/ld+json\" class=\"yoast-schema-graph\">{\"@context\":\"https:\/\/schema.org\",\"@graph\":[{\"@type\":\"WebPage\",\"@id\":\"https:\/\/keishukawai.com\/fr\/demonstrations\/\",\"url\":\"https:\/\/keishukawai.com\/fr\/demonstrations\/\",\"name\":\"D\u00e9monstrations - Keishu KAWAI\",\"isPartOf\":{\"@id\":\"https:\/\/keishukawai.com\/#website\"},\"datePublished\":\"2025-09-23T11:20:35+00:00\",\"dateModified\":\"2025-11-07T16:33:56+00:00\",\"breadcrumb\":{\"@id\":\"https:\/\/keishukawai.com\/fr\/demonstrations\/#breadcrumb\"},\"inLanguage\":\"fr-FR\",\"potentialAction\":[{\"@type\":\"ReadAction\",\"target\":[\"https:\/\/keishukawai.com\/fr\/demonstrations\/\"]}]},{\"@type\":\"BreadcrumbList\",\"@id\":\"https:\/\/keishukawai.com\/fr\/demonstrations\/#breadcrumb\",\"itemListElement\":[{\"@type\":\"ListItem\",\"position\":1,\"name\":\"Home\",\"item\":\"https:\/\/keishukawai.com\/fr\/\"},{\"@type\":\"ListItem\",\"position\":2,\"name\":\"D\u00e9monstrations\"}]},{\"@type\":\"WebSite\",\"@id\":\"https:\/\/keishukawai.com\/#website\",\"url\":\"https:\/\/keishukawai.com\/\",\"name\":\"Keishu KAWAI\",\"description\":\"Japanese Calligraphy\",\"potentialAction\":[{\"@type\":\"SearchAction\",\"target\":{\"@type\":\"EntryPoint\",\"urlTemplate\":\"https:\/\/keishukawai.com\/?s={search_term_string}\"},\"query-input\":{\"@type\":\"PropertyValueSpecification\",\"valueRequired\":true,\"valueName\":\"search_term_string\"}}],\"inLanguage\":\"fr-FR\"}]}<\/script>\n<!-- \/ Yoast SEO plugin. -->","yoast_head_json":{"title":"D\u00e9monstrations - Keishu KAWAI","robots":{"index":"index","follow":"follow","max-snippet":"max-snippet:-1","max-image-preview":"max-image-preview:large","max-video-preview":"max-video-preview:-1"},"canonical":"https:\/\/keishukawai.com\/fr\/demonstrations\/","og_locale":"fr_FR","og_type":"article","og_title":"D\u00e9monstrations - Keishu KAWAI","og_description":"[vc_row type=\u00a0\u00bbin_container\u00a0\u00bb full_screen_row_position=\u00a0\u00bbmiddle\u00a0\u00bb column_margin=\u00a0\u00bbdefault\u00a0\u00bb column_direction=\u00a0\u00bbdefault\u00a0\u00bb column_direction_tablet=\u00a0\u00bbdefault\u00a0\u00bb column_direction_phone=\u00a0\u00bbdefault\u00a0\u00bb scene_position=\u00a0\u00bbcenter\u00a0\u00bb top_padding=\u00a0\u00bb60&Prime; text_color=\u00a0\u00bbdark\u00a0\u00bb text_align=\u00a0\u00bbleft\u00a0\u00bb row_border_radius=\u00a0\u00bbnone\u00a0\u00bb row_border_radius_applies=\u00a0\u00bbbg\u00a0\u00bb overflow=\u00a0\u00bbvisible\u00a0\u00bb overlay_strength=\u00a0\u00bb0.3&Prime; gradient_direction=\u00a0\u00bbleft_to_right\u00a0\u00bb shape_divider_position=\u00a0\u00bbbottom\u00a0\u00bb bg_image_animation=\u00a0\u00bbnone\u00a0\u00bb gradient_type=\u00a0\u00bbdefault\u00a0\u00bb shape_type=\u00a0\u00bb\u00a0\u00bb][vc_column column_padding=\u00a0\u00bbno-extra-padding\u00a0\u00bb column_padding_tablet=\u00a0\u00bbinherit\u00a0\u00bb column_padding_phone=\u00a0\u00bbinherit\u00a0\u00bb column_padding_position=\u00a0\u00bball\u00a0\u00bb column_element_direction_desktop=\u00a0\u00bbdefault\u00a0\u00bb column_element_spacing=\u00a0\u00bbdefault\u00a0\u00bb desktop_text_alignment=\u00a0\u00bbdefault\u00a0\u00bb tablet_text_alignment=\u00a0\u00bbdefault\u00a0\u00bb phone_text_alignment=\u00a0\u00bbdefault\u00a0\u00bb background_color_opacity=\u00a0\u00bb1&Prime;...","og_url":"https:\/\/keishukawai.com\/fr\/demonstrations\/","og_site_name":"Keishu KAWAI","article_modified_time":"2025-11-07T16:33:56+00:00","twitter_card":"summary_large_image","twitter_misc":{"Dur\u00e9e de lecture estim\u00e9e":"6 minutes"},"schema":{"@context":"https:\/\/schema.org","@graph":[{"@type":"WebPage","@id":"https:\/\/keishukawai.com\/fr\/demonstrations\/","url":"https:\/\/keishukawai.com\/fr\/demonstrations\/","name":"D\u00e9monstrations - Keishu KAWAI","isPartOf":{"@id":"https:\/\/keishukawai.com\/#website"},"datePublished":"2025-09-23T11:20:35+00:00","dateModified":"2025-11-07T16:33:56+00:00","breadcrumb":{"@id":"https:\/\/keishukawai.com\/fr\/demonstrations\/#breadcrumb"},"inLanguage":"fr-FR","potentialAction":[{"@type":"ReadAction","target":["https:\/\/keishukawai.com\/fr\/demonstrations\/"]}]},{"@type":"BreadcrumbList","@id":"https:\/\/keishukawai.com\/fr\/demonstrations\/#breadcrumb","itemListElement":[{"@type":"ListItem","position":1,"name":"Home","item":"https:\/\/keishukawai.com\/fr\/"},{"@type":"ListItem","position":2,"name":"D\u00e9monstrations"}]},{"@type":"WebSite","@id":"https:\/\/keishukawai.com\/#website","url":"https:\/\/keishukawai.com\/","name":"Keishu KAWAI","description":"Japanese Calligraphy","potentialAction":[{"@type":"SearchAction","target":{"@type":"EntryPoint","urlTemplate":"https:\/\/keishukawai.com\/?s={search_term_string}"},"query-input":{"@type":"PropertyValueSpecification","valueRequired":true,"valueName":"search_term_string"}}],"inLanguage":"fr-FR"}]}},"_links":{"self":[{"href":"https:\/\/keishukawai.com\/fr\/wp-json\/wp\/v2\/pages\/1056","targetHints":{"allow":["GET"]}}],"collection":[{"href":"https:\/\/keishukawai.com\/fr\/wp-json\/wp\/v2\/pages"}],"about":[{"href":"https:\/\/keishukawai.com\/fr\/wp-json\/wp\/v2\/types\/page"}],"author":[{"embeddable":true,"href":"https:\/\/keishukawai.com\/fr\/wp-json\/wp\/v2\/users\/3"}],"replies":[{"embeddable":true,"href":"https:\/\/keishukawai.com\/fr\/wp-json\/wp\/v2\/comments?post=1056"}],"version-history":[{"count":1,"href":"https:\/\/keishukawai.com\/fr\/wp-json\/wp\/v2\/pages\/1056\/revisions"}],"predecessor-version":[{"id":1060,"href":"https:\/\/keishukawai.com\/fr\/wp-json\/wp\/v2\/pages\/1056\/revisions\/1060"}],"wp:attachment":[{"href":"https:\/\/keishukawai.com\/fr\/wp-json\/wp\/v2\/media?parent=1056"}],"curies":[{"name":"wp","href":"https:\/\/api.w.org\/{rel}","templated":true}]}}